{"id":160,"date":"2020-04-05T16:14:14","date_gmt":"2020-04-05T14:14:14","guid":{"rendered":"https:\/\/divension.ch\/?page_id=160"},"modified":"2024-07-09T22:23:21","modified_gmt":"2024-07-09T20:23:21","slug":"diskografie","status":"publish","type":"page","link":"https:\/\/www.divension.ch\/de\/diskografie\/","title":{"rendered":"Diskografie"},"content":{"rendered":"\n<h2 class=\"wp-block-heading\">Streaming<\/h2>\n\n\n\n<p>Du findest uns auf <a rel=\"noreferrer noopener\" href=\"https:\/\/open.spotify.com\/artist\/6bqFTtJIkRMU5IuOYu2smw\" target=\"_blank\">Spotify<\/a>, <a rel=\"noreferrer noopener\" href=\"https:\/\/www.deezer.com\/de\/artist\/111885512\" target=\"_blank\">Deezer<\/a> und <a rel=\"noreferrer noopener\" href=\"https:\/\/music.apple.com\/us\/artist\/divension\/492079275\" target=\"_blank\">Apple Music<\/a>.<\/p>\n\n\n\n<h2 class=\"wp-block-heading\">Alben<\/h2>\n\n\n\n<p>2020 erschien nach langem Warten ihr Deb\u00fct-Album \u201eConquer The Dying Sun\u201c. Am 15. Mai 2021 wird dieses Ereignis im Fabriggli in Buchs mit einer Release Show geb\u00fchrend gefeiert. Das Album erh\u00e4lt unter neuen Songs auch einen R\u00fcckblick auf die letzten 15 Jahre ihres musikalischen Schaffens. Zwischen modernem Melodic Death alternativem Metal finden sich auch Songs mit thrashig angehauchten Z\u00fcgen. Der Titelsong des Erstlings kann als Epos bezeichnet werden, dauert zirka zw\u00f6lf Minuten und ist dazu bestimmt das St\u00fcck einfach zu geniessen.<\/p>\n\n\n\n<div class=\"wp-block-columns is-layout-flex wp-container-core-columns-is-layout-9d6595d7 wp-block-columns-is-layout-flex\">\n<div class=\"wp-block-column is-layout-flow wp-block-column-is-layout-flow\">\n<h3 class=\"wp-block-heading\">Conquer the Dying Sun &#8211; 2021<\/h3>\n<\/div>\n<\/div>\n\n\n\n<figure class=\"wp-block-embed is-type-rich is-provider-spotify wp-block-embed-spotify wp-embed-aspect-9-16 wp-has-aspect-ratio\"><div class=\"wp-block-embed__wrapper\">\n<iframe title=\"Spotify Embed: Conquer the Dying Sun\" style=\"border-radius: 12px\" width=\"100%\" height=\"352\" frameborder=\"0\" allowfullscreen allow=\"autoplay; clipboard-write; encrypted-media; fullscreen; picture-in-picture\" loading=\"lazy\" src=\"https:\/\/open.spotify.com\/embed\/album\/2damB2zMlNV94KjmZL05wB?utm_source=oembed\"><\/iframe>\n<\/div><\/figure>\n\n\n\n<h4 class=\"wp-block-heading\">Singleauskopplungen<\/h4>\n\n\n\n<p>Escape (From My Thoughts) &#8211; 2020<\/p>\n\n\n\n<h4 class=\"wp-block-heading\">Musikvideos<\/h4>\n\n\n<p><iframe loading=\"lazy\" width=\"1920\" height=\"1080\" src=\"https:\/\/www.youtube.com\/embed\/r6zBLg4NkgA?rel=0&amp;modestbranding=1\" sandbox=\"allow-scripts allow-same-origin allow-presentation\" style=\"border: 0;\" allowfullscreen=\"\"><\/iframe><\/p>\n\n\n<iframe loading=\"lazy\" width=\"560\" height=\"315\" src=\"https:\/\/www.youtube-nocookie.com\/embed\/GxPDEi4O-CI?si=AkmoD8YgyXp5pOvq&amp;start=3\" title=\"YouTube video player\" frameborder=\"0\" allow=\"accelerometer; autoplay; clipboard-write; encrypted-media; gyroscope; picture-in-picture; web-share\" referrerpolicy=\"strict-origin-when-cross-origin\" allowfullscreen><\/iframe>\n","protected":false},"excerpt":{"rendered":"<p>Streaming Du findest uns auf Spotify, Deezer und Apple Music. Alben 2020 erschien nach langem Warten ihr Deb\u00fct-Album \u201eConquer The Dying Sun\u201c. Am 15. Mai 2021 wird dieses Ereignis im<a href=\"https:\/\/www.divension.ch\/de\/diskografie\/\" class=\"more-link\"><span class=\"readmore\">Continue reading<span class=\"screen-reader-text\">Diskografie<\/span><\/span><\/a><\/p>\n","protected":false},"author":1,"featured_media":0,"parent":0,"menu_order":0,"comment_status":"closed","ping_status":"closed","template":"","meta":{"footnotes":""},"class_list":["post-160","page","type-page","status-publish","hentry"],"jetpack_sharing_enabled":true,"_links":{"self":[{"href":"https:\/\/www.divension.ch\/de\/wp-json\/wp\/v2\/pages\/160","targetHints":{"allow":["GET"]}}],"collection":[{"href":"https:\/\/www.divension.ch\/de\/wp-json\/wp\/v2\/pages"}],"about":[{"href":"https:\/\/www.divension.ch\/de\/wp-json\/wp\/v2\/types\/page"}],"author":[{"embeddable":true,"href":"https:\/\/www.divension.ch\/de\/wp-json\/wp\/v2\/users\/1"}],"replies":[{"embeddable":true,"href":"https:\/\/www.divension.ch\/de\/wp-json\/wp\/v2\/comments?post=160"}],"version-history":[{"count":103,"href":"https:\/\/www.divension.ch\/de\/wp-json\/wp\/v2\/pages\/160\/revisions"}],"predecessor-version":[{"id":795,"href":"https:\/\/www.divension.ch\/de\/wp-json\/wp\/v2\/pages\/160\/revisions\/795"}],"wp:attachment":[{"href":"https:\/\/www.divension.ch\/de\/wp-json\/wp\/v2\/media?parent=160"}],"curies":[{"name":"wp","href":"https:\/\/api.w.org\/{rel}","templated":true}]}}