{"id":203,"date":"2020-04-05T18:32:09","date_gmt":"2020-04-05T16:32:09","guid":{"rendered":"https:\/\/divension.ch\/?page_id=203"},"modified":"2023-12-31T15:56:49","modified_gmt":"2023-12-31T14:56:49","slug":"bio","status":"publish","type":"page","link":"https:\/\/www.divension.ch\/de\/bio\/","title":{"rendered":"Bio"},"content":{"rendered":"\n<p>Die Band Divension ist eine 5 k\u00f6pfige Melodic Death Metal Band aus dem schweizerischen Sargans. Sie wurde 2005 gegr\u00fcndet, urspr\u00fcnglich als Slayer Coverband. Mittlerweile definieren sich Divension als Metalband welche auch au\u00dferhalb der klischeebehafteten \u201eMetal-b\u00f6se-schwarz\/weiss\u201c Welt funktioniert. Ihre Songs verstehen es, dass Publikum mit packenden Riffs, melodi\u00f6sen Refrains sowie spannender Abwechslung zu faszinieren und sich im Ohr festzusetzen. Genregrenzen durchbrechen, warum nicht! Die S\u00fcdostschweizer verzichten jedoch nicht auf die notwendige H\u00e4rte und Passion.<\/p>\n\n\n\n<p>Als 2005 die Band von Mastermind und Songwriter Roger Baumgartner zusammen mit dem Bassisten Philipp Kr\u00e4uchi gegr\u00fcndet wurde, ahnte noch niemand, das 15 Jahre sp\u00e4ter das Deb\u00fctalbum \u201eConquer The Dying Sun\u201c erscheinen wird. Nach einigen Besetzungswechseln und zwei l\u00e4ngeren k\u00fcnstlerischen Pausen ist Divension nun seit 2023 in aktueller Formation bereit, die B\u00fchnen zu bespielen und arbeitet bereits an einem Nachfolgealbum.<\/p>\n\n\n\n<p>Mit Domo B\u00f6sch, der seit 2007 seine facettenreichen Vocals in den Pit shoutet, Drummer Dominik Gisler ,der seit 2019 den Takt bestimmt ,sowie Matthias Keller am Bass und Filipe Gordilho an der Rhythmusgitarre ,die seit 2023 ihre grosse Banderfahrung einbringen, hat Bandgr\u00fcnder und Songkomponist Roger Baumgartner eine sehr gut funktionierende und eingespielte Truppe am Start.<\/p>\n\n\n\n<p>Die Jungs von Divension haben sich unisono eines zum Ziel gesetzt, Freude an der Musik und an energiegeladenen Live-Gigs in einer guten Qualit\u00e4t zu bieten.<\/p>\n\n\n\n<p>2020 erschien nach langem Warten ihr Deb\u00fctalbum \u201eConquer The Dying Sun\u201c. Das Album enth\u00e4lt nebst neuen Songs auch R\u00fcckblicke auf die letzten 15 Jahre ihres musikalischen Schaffens. Zwischen modernem Melodic Death Metal finden sich auch Songs mit thrashig angehauchten Z\u00fcgen. Der Titelsong des Erstlingswerkes ist ein zw\u00f6lfmin\u00fctiges Epos, welches zum geniessen und versinken einl\u00e4dt.<\/p>\n\n\n\n<p>Dank dem unersch\u00f6pflichen Ideenreichtum von Roger Baumgartner und seinen Mannen mangelt es nicht an neuen Songs.<br>Ein neues Album, welches noch mehr Vielseitigkeit bieten wird, ist bereits am entstehen.<br>Man darf also gespannt sein!<\/p>\n\n\n\n<p><\/p>\n","protected":false},"excerpt":{"rendered":"<p>Die Band Divension ist eine 5 k\u00f6pfige Melodic Death Metal Band aus dem schweizerischen Sargans. Sie wurde 2005 gegr\u00fcndet, urspr\u00fcnglich als Slayer Coverband. Mittlerweile definieren sich Divension als Metalband welche<a href=\"https:\/\/www.divension.ch\/de\/bio\/\" class=\"more-link\"><span class=\"readmore\">Continue reading<span class=\"screen-reader-text\">Bio<\/span><\/span><\/a><\/p>\n","protected":false},"author":1,"featured_media":40,"parent":0,"menu_order":0,"comment_status":"closed","ping_status":"closed","template":"","meta":{"footnotes":""},"class_list":["post-203","page","type-page","status-publish","has-post-thumbnail","hentry"],"jetpack_sharing_enabled":true,"_links":{"self":[{"href":"https:\/\/www.divension.ch\/de\/wp-json\/wp\/v2\/pages\/203","targetHints":{"allow":["GET"]}}],"collection":[{"href":"https:\/\/www.divension.ch\/de\/wp-json\/wp\/v2\/pages"}],"about":[{"href":"https:\/\/www.divension.ch\/de\/wp-json\/wp\/v2\/types\/page"}],"author":[{"embeddable":true,"href":"https:\/\/www.divension.ch\/de\/wp-json\/wp\/v2\/users\/1"}],"replies":[{"embeddable":true,"href":"https:\/\/www.divension.ch\/de\/wp-json\/wp\/v2\/comments?post=203"}],"version-history":[{"count":10,"href":"https:\/\/www.divension.ch\/de\/wp-json\/wp\/v2\/pages\/203\/revisions"}],"predecessor-version":[{"id":665,"href":"https:\/\/www.divension.ch\/de\/wp-json\/wp\/v2\/pages\/203\/revisions\/665"}],"wp:featuredmedia":[{"embeddable":true,"href":"https:\/\/www.divension.ch\/de\/wp-json\/wp\/v2\/media\/40"}],"wp:attachment":[{"href":"https:\/\/www.divension.ch\/de\/wp-json\/wp\/v2\/media?parent=203"}],"curies":[{"name":"wp","href":"https:\/\/api.w.org\/{rel}","templated":true}]}}